{"id":512,"date":"2024-05-14T09:15:28","date_gmt":"2024-05-14T07:15:28","guid":{"rendered":"https:\/\/k360.michael-ruhdorfer.at\/cms\/?page_id=512"},"modified":"2024-09-30T20:30:05","modified_gmt":"2024-09-30T18:30:05","slug":"registrieren","status":"publish","type":"page","link":"https:\/\/staging.kulturservices.com\/cms\/registrieren\/","title":{"rendered":"Registrieren"},"content":{"rendered":"<div class=\"wpb-content-wrapper\"><p>[vc_row][vc_column width=&#8220;1\/1&#8243;][vc_empty_space empty_h=&#8220;3&#8243;][vc_column_text uncode_shortcode_id=&#8220;137858&#8243;]\n<form id=\"pms_register-form\" class=\"pms-form  pms-register-form-top-plans pms-form-design-wrapper pms-form-style-3\" method=\"POST\">\n\n    \n    <input type=\"hidden\" id=\"pmstkn\" name=\"pmstkn\" value=\"0fe14d440f\" \/><input type=\"hidden\" name=\"_wp_http_referer\" value=\"\/cms\/wp-json\/wp\/v2\/pages\/512\" \/>\n    <ul class=\"pms-form-fields-wrapper\">\n\n        <li class=\"pms-field pms-field-subscriptions \"><h3 class=\"pms-subscriptions-list-title\">Select Your Subscription Plan<\/h3><div class=\"pms-subscription-plan pms-subscription-plan-504\"><label><input type=\"radio\" name=\"subscription_plans\" data-price=\"30\" data-duration=\"1\" data-fixed_membership=\"\" data-allow_renew=\"\" data-sign_up_fee=\"0\" data-trial=\"0\" data-recurring=\"0\"  value=\"504\"  checked='checked'data-default-selected=\"true\" \/><span class=\"pms-subscription-plan-name\">Einzelpersonen \/ EPU<\/span><span class=\"pms-subscription-plan-price\"><span class=\"pms-divider\"> - <\/span><span class=\"pms-subscription-plan-currency\">&#8364;<\/span><span class=\"pms-subscription-plan-price-value\">30,00<\/span><span class=\"pms-divider pms-duration-divider\"> \/ <\/span><span class=\"pms-subscription-plan-duration\">1 Year<\/span><\/span><span class=\"pms-subscription-plan-trial\"><\/span><span class=\"pms-subscription-plan-sign-up-fee\"><\/span><\/label><\/div><div class=\"pms-subscription-plan pms-subscription-plan-505\"><label><input type=\"radio\" name=\"subscription_plans\" data-price=\"48\" data-duration=\"1\" data-fixed_membership=\"\" data-allow_renew=\"\" data-sign_up_fee=\"0\" data-trial=\"0\" data-recurring=\"0\"  value=\"505\" data-default-checked=\"false\" \/><span class=\"pms-subscription-plan-name\">Vereine \/ Gruppen \/ Ensembles<\/span><span class=\"pms-subscription-plan-price\"><span class=\"pms-divider\"> - <\/span><span class=\"pms-subscription-plan-currency\">&#8364;<\/span><span class=\"pms-subscription-plan-price-value\">48,00<\/span><span class=\"pms-divider pms-duration-divider\"> \/ <\/span><span class=\"pms-subscription-plan-duration\">1 Year<\/span><\/span><span class=\"pms-subscription-plan-trial\"><\/span><span class=\"pms-subscription-plan-sign-up-fee\"><\/span><\/label><\/div><div class=\"pms-subscription-plan pms-subscription-plan-572\"><label><input type=\"radio\" name=\"subscription_plans\" data-price=\"60\" data-duration=\"1\" data-fixed_membership=\"\" data-allow_renew=\"\" data-sign_up_fee=\"0\" data-trial=\"0\" data-recurring=\"0\"  value=\"572\" data-default-checked=\"false\" \/><span class=\"pms-subscription-plan-name\">Eventlocation<\/span><span class=\"pms-subscription-plan-price\"><span class=\"pms-divider\"> - <\/span><span class=\"pms-subscription-plan-currency\">&#8364;<\/span><span class=\"pms-subscription-plan-price-value\">60,00<\/span><span class=\"pms-divider pms-duration-divider\"> \/ <\/span><span class=\"pms-subscription-plan-duration\">1 Year<\/span><\/span><span class=\"pms-subscription-plan-trial\"><\/span><span class=\"pms-subscription-plan-sign-up-fee\"><\/span><\/label><\/div><div class=\"pms-subscription-plan pms-subscription-plan-141569\"><label><input type=\"radio\" name=\"subscription_plans\" data-price=\"72\" data-duration=\"1\" data-fixed_membership=\"\" data-allow_renew=\"\" data-sign_up_fee=\"0\" data-trial=\"0\" data-recurring=\"0\"  value=\"141569\" data-default-checked=\"false\" \/><span class=\"pms-subscription-plan-name\">Verein mit Eventlocation<\/span><span class=\"pms-subscription-plan-price\"><span class=\"pms-divider\"> - <\/span><span class=\"pms-subscription-plan-currency\">&#8364;<\/span><span class=\"pms-subscription-plan-price-value\">72,00<\/span><span class=\"pms-divider pms-duration-divider\"> \/ <\/span><span class=\"pms-subscription-plan-duration\">1 Year<\/span><\/span><span class=\"pms-subscription-plan-trial\"><\/span><span class=\"pms-subscription-plan-sign-up-fee\"><\/span><\/label><\/div><input type=\"hidden\" name=\"pms_default_recurring\" value=\"2\" \/><div id=\"pms-paygates-wrapper\"><h3>Zahlungsmethode ausw\u00e4hlen<\/h3><div id=\"pms-paygates-inner\"><label><input type=\"radio\" class=\"pms_pay_gate\" name=\"pay_gate\" value=\"paypal_standard\" data-sign_up_fee=\"1\" data-trial=\"1\" data-recurring=\"1\"  \/><span class=\"pms-paygate-name\">PayPal<\/span><\/label><label><input type=\"radio\" class=\"pms_pay_gate\" name=\"pay_gate\" value=\"stripe_connect\"  checked='checked'data-sign_up_fee=\"1\" data-trial=\"1\" data-recurring=\"1\"  data-type=\"extra_fields\" \/><span class=\"pms-paygate-name\">Kredit-\/Debitkarte<\/span><\/label><\/div><div id=\"pms-gateways-not-available\"><span>F\u00fcr das ausgew\u00e4hlte Abo sind keine Zahlungsmethoden verf\u00fcgbar.<\/span><\/div><\/div><input type=\"hidden\" id=\"pms-process-checkout-nonce\" name=\"pms_process_checkout_nonce\" value=\"3a02bb0a84\"\/><input type=\"hidden\" id=\"stripe-pk\" value=\"pk_live_51PrRcYGF7M3iFmVcl17hG39trxsdMyrMrG8tBUnahsUrynubl7yriUMNEP8d74JeBsDnRsNtWraNQjchh0BqfvG100HroCHbVP\" \/><input type=\"hidden\" name=\"pms_stripe_connect_payment_intent\" value=\"\"\/><input type=\"hidden\" name=\"pms_stripe_connect_setup_intent\" value=\"\"\/><input type=\"hidden\" id=\"pms-stripe-ajax-update-payment-intent-nonce\" name=\"stripe_ajax_update_payment_intent_nonce\" value=\"5fe74cb4be\"\/><div id=\"pms-subscription-plans-discount\"><label for=\"pms-subscription-plans-discount\">Rabatt-Code: <\/label><input id=\"pms_subscription_plans_discount_code\" name=\"discount_code\" placeholder=\"Rabatt eingeben\" type=\"text\" value=\"\" \/><input id=\"pms-apply-discount\" class=\"pms-submit button\" type=\"submit\" value=\"Anwenden\"><\/span><\/div><div id=\"pms-subscription-plans-discount-messages-wrapper\"><div id=\"pms-subscription-plans-discount-messages\" ><\/div><div id=\"pms-subscription-plans-discount-messages-loading\">Rabattcode anwenden. Bitte warten\u2026.<\/div><\/div><\/li>\n\n        \n        <ul  class=\"pms-field-section \"><li class=\"cozmoslabs-form-field-wrapper pms-field pms-field-type-text  beehive\"><label for=\"beehive\" class=\"cozmoslabs-form-field-label\">Custom Field<\/label><input type=\"text\" id=\"beehive\" name=\"beehive\" value=\"\" \/><\/li><\/ul><ul id=\"pms-stripe-connect\" class=\"pms-field-section pms-paygate-extra-fields pms-paygate-extra-fields-stripe_connect\"><li class=\"pms-field pms-field-type-heading \"><h3>Payment Details<\/h3><\/li><div class=\"pms-spinner__holder\"><div class=\"pms-spinner\"><\/div><\/div><div id=\"pms-stripe-payment-elements\" style=\"display:none\"><\/div><\/ul><ul  class=\"pms-field-section pms-section-billing-details pms-billing-details\"><li class=\"pms-field pms-field-type-heading \"><h3>Rechnungsdetails<\/h3><\/li><li class=\"cozmoslabs-form-field-wrapper pms-field pms-field-type-text pms-field-required pms-billing-first-name wppb-form-text-field label-outside\"><label for=\"pms_billing_first_name\" class=\"cozmoslabs-form-field-label\">Rechnungsadresse Vorname<span class=\"pms-field-required-asterix\">*<\/span><\/label><input type=\"text\" id=\"pms_billing_first_name\" name=\"pms_billing_first_name\" value=\"\" \/><\/li><li class=\"cozmoslabs-form-field-wrapper pms-field pms-field-type-text pms-field-required pms-billing-last-name wppb-form-text-field label-outside\"><label for=\"pms_billing_last_name\" class=\"cozmoslabs-form-field-label\">Rechnungsadresse Nachname<span class=\"pms-field-required-asterix\">*<\/span><\/label><input type=\"text\" id=\"pms_billing_last_name\" name=\"pms_billing_last_name\" value=\"\" \/><\/li><li class=\"cozmoslabs-form-field-wrapper pms-field pms-field-type-text pms-field-required pms-billing-email wppb-form-text-field label-outside\"><label for=\"pms_billing_email\" class=\"cozmoslabs-form-field-label\">Rechungs-Email<span class=\"pms-field-required-asterix\">*<\/span><\/label><input type=\"text\" id=\"pms_billing_email\" name=\"pms_billing_email\" value=\"\" \/><\/li><li class=\"cozmoslabs-form-field-wrapper pms-field pms-field-type-text  pms-billing-company wppb-form-text-field label-outside\"><label for=\"pms_billing_company\" class=\"cozmoslabs-form-field-label\">Rechnung Unternehmen<\/label><input type=\"text\" id=\"pms_billing_company\" name=\"pms_billing_company\" value=\"\" \/><p class=\"pms-field-description cozmoslabs-description cozmoslabs-description-align-right\">Falls eingegeben, erscheint dies auf der Rechnung und ersetzt den Vor- und Nachnamen.<\/p><\/li><li class=\"cozmoslabs-form-field-wrapper pms-field pms-field-type-text pms-field-required pms-billing-address wppb-form-text-field label-outside\"><label for=\"pms_billing_address\" class=\"cozmoslabs-form-field-label\">Rechnungsadresse<span class=\"pms-field-required-asterix\">*<\/span><\/label><input type=\"text\" id=\"pms_billing_address\" name=\"pms_billing_address\" value=\"\" \/><\/li><li class=\"cozmoslabs-form-field-wrapper pms-field pms-field-type-text pms-field-required pms-billing-city wppb-form-text-field label-outside\"><label for=\"pms_billing_city\" class=\"cozmoslabs-form-field-label\">Rechnungsadresse Ort<span class=\"pms-field-required-asterix\">*<\/span><\/label><input type=\"text\" id=\"pms_billing_city\" name=\"pms_billing_city\" value=\"\" \/><\/li><li class=\"cozmoslabs-form-field-wrapper pms-field pms-field-type-text pms-field-required pms-billing-zip wppb-form-text-field label-outside\"><label for=\"pms_billing_zip\" class=\"cozmoslabs-form-field-label\">Rechnungs Postleitzahl<span class=\"pms-field-required-asterix\">*<\/span><\/label><input type=\"text\" id=\"pms_billing_zip\" name=\"pms_billing_zip\" value=\"\" \/><\/li><li class=\"cozmoslabs-form-field-wrapper pms-field pms-field-type-select pms-field-required pms-billing-country wppb-form-select-field label-outside\"><label for=\"pms_billing_country\" class=\"cozmoslabs-form-field-label\">Rechnungs-Land<span class=\"pms-field-required-asterix\">*<\/span><\/label><select id=\"pms_billing_country\" name=\"pms_billing_country\"><option value=\"\" ><\/option><option value=\"AF\" >Afghanistan<\/option><option value=\"AX\" >Aland Islands<\/option><option value=\"AL\" >Albania<\/option><option value=\"DZ\" >Algeria<\/option><option value=\"AS\" >American Samoa<\/option><option value=\"AD\" >Andorra<\/option><option value=\"AO\" >Angola<\/option><option value=\"AI\" >Anguilla<\/option><option value=\"AQ\" >Antarctica<\/option><option value=\"AG\" >Antigua and Barbuda<\/option><option value=\"AR\" >Argentina<\/option><option value=\"AM\" >Armenia<\/option><option value=\"AW\" >Aruba<\/option><option value=\"AU\" >Australia<\/option><option value=\"AT\" selected>\u00d6sterreich<\/option><option value=\"AZ\" >Azerbaijan<\/option><option value=\"BS\" >Bahamas<\/option><option value=\"BH\" >Bahrain<\/option><option value=\"BD\" >Bangladesh<\/option><option value=\"BB\" >Barbados<\/option><option value=\"BY\" >Belarus<\/option><option value=\"BE\" >Belgium<\/option><option value=\"BZ\" >Belize<\/option><option value=\"BJ\" >Benin<\/option><option value=\"BM\" >Bermuda<\/option><option value=\"BT\" >Bhutan<\/option><option value=\"BO\" >Bolivia<\/option><option value=\"BQ\" >Bonaire, Saint Eustatius and Saba<\/option><option value=\"BA\" >Bosnia and Herzegovina<\/option><option value=\"BW\" >Botswana<\/option><option value=\"BV\" >Bouvet Island<\/option><option value=\"BR\" >Brazil<\/option><option value=\"IO\" >British Indian Ocean Territory<\/option><option value=\"VG\" >British Virgin Islands<\/option><option value=\"BN\" >Brunei<\/option><option value=\"BG\" >Bulgaria<\/option><option value=\"BF\" >Burkina Faso<\/option><option value=\"BI\" >Burundi<\/option><option value=\"KH\" >Cambodia<\/option><option value=\"CM\" >Cameroon<\/option><option value=\"CA\" >Canada<\/option><option value=\"CV\" >Cape Verde<\/option><option value=\"KY\" >Cayman Islands<\/option><option value=\"CF\" >Central African Republic<\/option><option value=\"TD\" >Chad<\/option><option value=\"CL\" >Chile<\/option><option value=\"CN\" >China<\/option><option value=\"CX\" >Christmas Island<\/option><option value=\"CC\" >Cocos Islands<\/option><option value=\"CO\" >Colombia<\/option><option value=\"KM\" >Comoros<\/option><option value=\"CK\" >Cook Islands<\/option><option value=\"CR\" >Costa Rica<\/option><option value=\"HR\" >Croatia<\/option><option value=\"CU\" >Cuba<\/option><option value=\"CW\" >Curacao<\/option><option value=\"CY\" >Cyprus<\/option><option value=\"CZ\" >Czech Republic<\/option><option value=\"CD\" >Democratic Republic of the Congo<\/option><option value=\"DK\" >Denmark<\/option><option value=\"DJ\" >Djibouti<\/option><option value=\"DM\" >Dominica<\/option><option value=\"DO\" >Dominican Republic<\/option><option value=\"TL\" >East Timor<\/option><option value=\"EC\" >Ecuador<\/option><option value=\"EG\" >Egypt<\/option><option value=\"SV\" >El Salvador<\/option><option value=\"GQ\" >Equatorial Guinea<\/option><option value=\"ER\" >Eritrea<\/option><option value=\"EE\" >Estonia<\/option><option value=\"ET\" >Ethiopia<\/option><option value=\"FK\" >Falkland Islands<\/option><option value=\"FO\" >Faroe Islands<\/option><option value=\"FJ\" >Fiji<\/option><option value=\"FI\" >Finland<\/option><option value=\"FR\" >France<\/option><option value=\"GF\" >French Guiana<\/option><option value=\"PF\" >French Polynesia<\/option><option value=\"TF\" >French Southern Territories<\/option><option value=\"GA\" >Gabon<\/option><option value=\"GM\" >Gambia<\/option><option value=\"GE\" >Georgia<\/option><option value=\"DE\" >Deutschland<\/option><option value=\"GH\" >Ghana<\/option><option value=\"GI\" >Gibraltar<\/option><option value=\"GR\" >Greece<\/option><option value=\"GL\" >Greenland<\/option><option value=\"GD\" >Grenada<\/option><option value=\"GP\" >Guadeloupe<\/option><option value=\"GU\" >Guam<\/option><option value=\"GT\" >Guatemala<\/option><option value=\"GG\" >Guernsey<\/option><option value=\"GN\" >Guinea<\/option><option value=\"GW\" >Guinea-Bissau<\/option><option value=\"GY\" >Guyana<\/option><option value=\"HT\" >Haiti<\/option><option value=\"HM\" >Heard Island and McDonald Islands<\/option><option value=\"HN\" >Honduras<\/option><option value=\"HK\" >Hong Kong<\/option><option value=\"HU\" >Hungary<\/option><option value=\"IS\" >Iceland<\/option><option value=\"IN\" >India<\/option><option value=\"ID\" >Indonesia<\/option><option value=\"IR\" >Iran<\/option><option value=\"IQ\" >Iraq<\/option><option value=\"IE\" >Ireland<\/option><option value=\"IM\" >Isle of Man<\/option><option value=\"IL\" >Israel<\/option><option value=\"IT\" >Italy<\/option><option value=\"CI\" >Ivory Coast<\/option><option value=\"JM\" >Jamaica<\/option><option value=\"JP\" >Japan<\/option><option value=\"JE\" >Jersey<\/option><option value=\"JO\" >Jordan<\/option><option value=\"KZ\" >Kazakhstan<\/option><option value=\"KE\" >Kenya<\/option><option value=\"KI\" >Kiribati<\/option><option value=\"XK\" >Kosovo<\/option><option value=\"KW\" >Kuwait<\/option><option value=\"KG\" >Kyrgyzstan<\/option><option value=\"LA\" >Laos<\/option><option value=\"LV\" >Latvia<\/option><option value=\"LB\" >Lebanon<\/option><option value=\"LS\" >Lesotho<\/option><option value=\"LR\" >Liberia<\/option><option value=\"LY\" >Libya<\/option><option value=\"LI\" >Liechtenstein<\/option><option value=\"LT\" >Lithuania<\/option><option value=\"LU\" >Luxembourg<\/option><option value=\"MO\" >Macao<\/option><option value=\"MK\" >Nord Mazedonien<\/option><option value=\"MG\" >Madagascar<\/option><option value=\"MW\" >Malawi<\/option><option value=\"MY\" >Malaysia<\/option><option value=\"MV\" >Maldives<\/option><option value=\"ML\" >Mali<\/option><option value=\"MT\" >Malta<\/option><option value=\"MH\" >Marshall Islands<\/option><option value=\"MQ\" >Martinique<\/option><option value=\"MR\" >Mauritania<\/option><option value=\"MU\" >Mauritius<\/option><option value=\"YT\" >Mayotte<\/option><option value=\"MX\" >Mexico<\/option><option value=\"FM\" >Micronesia<\/option><option value=\"MD\" >Moldova<\/option><option value=\"MC\" >Monaco<\/option><option value=\"MN\" >Mongolia<\/option><option value=\"ME\" >Montenegro<\/option><option value=\"MS\" >Montserrat<\/option><option value=\"MA\" >Morocco<\/option><option value=\"MZ\" >Mozambique<\/option><option value=\"MM\" >Myanmar<\/option><option value=\"NA\" >Namibia<\/option><option value=\"NR\" >Nauru<\/option><option value=\"NP\" >Nepal<\/option><option value=\"NL\" >Netherlands<\/option><option value=\"NC\" >New Caledonia<\/option><option value=\"NZ\" >New Zealand<\/option><option value=\"NI\" >Nicaragua<\/option><option value=\"NE\" >Niger<\/option><option value=\"NG\" >Nigeria<\/option><option value=\"NU\" >Niue<\/option><option value=\"NF\" >Norfolk Island<\/option><option value=\"KP\" >North Korea<\/option><option value=\"MP\" >Northern Mariana Islands<\/option><option value=\"NO\" >Norway<\/option><option value=\"OM\" >Oman<\/option><option value=\"PK\" >Pakistan<\/option><option value=\"PW\" >Palau<\/option><option value=\"PS\" >Palestinian Territory<\/option><option value=\"PA\" >Panama<\/option><option value=\"PG\" >Papua New Guinea<\/option><option value=\"PY\" >Paraguay<\/option><option value=\"PE\" >Peru<\/option><option value=\"PH\" >Philippines<\/option><option value=\"PN\" >Pitcairn<\/option><option value=\"PL\" >Poland<\/option><option value=\"PT\" >Portugal<\/option><option value=\"PR\" >Puerto Rico<\/option><option value=\"QA\" >Qatar<\/option><option value=\"CG\" >Republic of the Congo<\/option><option value=\"RE\" >Reunion<\/option><option value=\"RO\" >Romania<\/option><option value=\"RU\" >Russia<\/option><option value=\"RW\" >Rwanda<\/option><option value=\"BL\" >Saint Barthelemy<\/option><option value=\"SH\" >Saint Helena<\/option><option value=\"KN\" >Saint Kitts and Nevis<\/option><option value=\"LC\" >Saint Lucia<\/option><option value=\"MF\" >Saint Martin<\/option><option value=\"PM\" >Saint Pierre and Miquelon<\/option><option value=\"VC\" >Saint Vincent and the Grenadines<\/option><option value=\"WS\" >Samoa<\/option><option value=\"SM\" >San Marino<\/option><option value=\"ST\" >Sao Tome and Principe<\/option><option value=\"SA\" >Saudi Arabia<\/option><option value=\"SN\" >Senegal<\/option><option value=\"RS\" >Serbia<\/option><option value=\"SC\" >Seychelles<\/option><option value=\"SL\" >Sierra Leone<\/option><option value=\"SG\" >Singapore<\/option><option value=\"SX\" >Sint Maarten<\/option><option value=\"SK\" >Slovakia<\/option><option value=\"SI\" >Slovenia<\/option><option value=\"SB\" >Solomon Islands<\/option><option value=\"SO\" >Somalia<\/option><option value=\"ZA\" >South Africa<\/option><option value=\"GS\" >South Georgia and the South Sandwich Islands<\/option><option value=\"KR\" >South Korea<\/option><option value=\"SS\" >South Sudan<\/option><option value=\"ES\" >Spain<\/option><option value=\"LK\" >Sri Lanka<\/option><option value=\"SD\" >Sudan<\/option><option value=\"SR\" >Suriname<\/option><option value=\"SJ\" >Svalbard and Jan Mayen<\/option><option value=\"SZ\" >Swaziland<\/option><option value=\"SE\" >Sweden<\/option><option value=\"CH\" >Schweiz<\/option><option value=\"SY\" >Syria<\/option><option value=\"TW\" >Taiwan<\/option><option value=\"TJ\" >Tajikistan<\/option><option value=\"TZ\" >Tanzania<\/option><option value=\"TH\" >Thailand<\/option><option value=\"TG\" >Togo<\/option><option value=\"TK\" >Tokelau<\/option><option value=\"TO\" >Tonga<\/option><option value=\"TT\" >Trinidad and Tobago<\/option><option value=\"TN\" >Tunisia<\/option><option value=\"TR\" >Turkey<\/option><option value=\"TM\" >Turkmenistan<\/option><option value=\"TC\" >Turks and Caicos Islands<\/option><option value=\"TV\" >Tuvalu<\/option><option value=\"VI\" >U.S. Virgin Islands<\/option><option value=\"UG\" >Uganda<\/option><option value=\"UA\" >Ukraine<\/option><option value=\"AE\" >United Arab Emirates<\/option><option value=\"GB\" >United Kingdom<\/option><option value=\"US\" >United States<\/option><option value=\"UM\" >United States Minor Outlying Islands<\/option><option value=\"UY\" >Uruguay<\/option><option value=\"UZ\" >Uzbekistan<\/option><option value=\"VU\" >Vanuatu<\/option><option value=\"VA\" >Vatican<\/option><option value=\"VE\" >Venezuela<\/option><option value=\"VN\" >Vietnam<\/option><option value=\"WF\" >Wallis and Futuna<\/option><option value=\"EH\" >Western Sahara<\/option><option value=\"YE\" >Yemen<\/option><option value=\"ZM\" >Zambia<\/option><option value=\"ZW\" >Zimbabwe<\/option><\/select><\/li><li class=\"cozmoslabs-form-field-wrapper pms-field pms-field-type-select_state  pms-billing-state wppb-form-select-field label-outside\"><label for=\"pms_billing_state\" class=\"cozmoslabs-form-field-label\">Rechnungs Bundesland<\/label><select id=\"pms_billing_state\" name=\"pms_billing_state\" class=\"pms-billing-state__select\"><\/select><input type=\"text\" id=\"pms_billing_state\" class=\"pms-billing-state__input\" name=\"pms_billing_state\" value=\"\" \/><\/li><\/ul><div class=\"pms-account-section-wrapper\"><h3 class=\"pms-account-details-title\">Account Details<\/h3>\n                <li class=\"pms-field pms-user-login-field \">\n            <label for=\"pms_user_login\">Benutzername *<\/label>\n            <input id=\"pms_user_login\" name=\"user_login\" type=\"text\" value=\"\" \/>\n\n                    <\/li>\n\n                <li class=\"pms-field pms-user-email-field \">\n            <label for=\"pms_user_email\">Email *<\/label>\n            <input id=\"pms_user_email\" name=\"user_email\" type=\"text\" value=\"\" \/>\n\n                    <\/li>\n\n                <li class=\"pms-field pms-first-name-field \">\n            <label for=\"pms_first_name\">Vorname<\/label>\n            <input id=\"pms_first_name\" name=\"first_name\" type=\"text\" value=\"\" \/>\n\n                    <\/li>\n\n                <li class=\"pms-field pms-last-name-field \">\n            <label for=\"pms_last_name\">Nachname<\/label>\n            <input id=\"pms_last_name\" name=\"last_name\" type=\"text\" value=\"\" \/>\n\n                    <\/li>\n\n                <li class=\"pms-field pms-pass1-field \">\n            <label for=\"pms_pass1\">Passwort *<\/label>\n            <input id=\"pms_pass1\" name=\"pass1\" type=\"password\" \/>\n\n            \n                    <\/li>\n\n\n\n                <li class=\"pms-field pms-pass2-field \">\n            <label for=\"pms_pass2\">Passwort wiederholen *<\/label>\n            <input id=\"pms_pass2\" name=\"pass2\" type=\"password\" \/>\n\n                    <\/li>\n\n            <li style=\"list-style-type: none;\" class=\"pms-field pms-gdpr-field \">\n        <label for=\"pms_user_consent\">\n            <input id=\"pms_user_consent\" name=\"user_consent\" type=\"checkbox\" value=\"1\">\n\n            <span class=\"pms-gdpr-field-text\">\n            Ich erlaube der Website, die Daten ( <a class=\"privacy-policy-link\" href=\"https:\/\/staging.kulturservices.com\/cms\/datenschutzerklaerung\/\" rel=\"privacy-policy\">Datenschutzerkl\u00e4rung<\/a> ), die ich \u00fcber dieses Formular absende, zu sammeln und zu speichern. *            <\/span>\n        <\/label>\n            <\/li>\n    <\/div>\n        \n        \n    <\/ul>\n\n    <span id=\"pms-submit-button-loading-placeholder-text\" style=\"display: none;\">In Bearbeitung. Bitte kurz warten...<\/span>\n<ul class=\"pms-field-section pms-price-breakdown__holder\">\n\n    <li class=\"pms-field pms-field-type-heading\">\n        <h3>Dein Kauf<\/h3>\n    <\/li>\n\n    <div class=\"pms-price-breakdown\">\n\n        <table>\n            <tr>\n                <td class=\"pms-label pms-subtotal__label\">Zwischensumme:<\/td>\n                <td class=\"pms-value pms-subtotal__value\"><\/td>\n            <\/tr>\n\n            <tr>\n                <td class=\"pms-label pms-tax__label\">Steuer\/MwSt.:<\/td>\n                <td class=\"pms-value pms-tax__value\"><\/td>\n            <\/tr>\n\n            <tr>\n                <td class=\"pms-label pms-total__label\">Gesamtbetrag:<\/td>\n                <td class=\"pms-value pms-total__value\"><\/td>\n            <\/tr>\n        <\/table>\n\n    <\/div>\n\n<\/ul>\n\n    <input class=\"pms-form-submit\" name=\"pms_register\" type=\"submit\" value=\"Registrieren\" \/>\n\n<\/form>\n[\/vc_column_text][\/vc_column][\/vc_row]<\/p>\n<\/div>","protected":false},"excerpt":{"rendered":"<p>[vc_row][vc_column width=&#8220;1\/1&#8243;][vc_empty_space empty_h=&#8220;3&#8243;][vc_column_text uncode_shortcode_id=&#8220;137858&#8243;][\/vc_column_text][\/vc_column][\/vc_row]<\/p>\n","protected":false},"author":1,"featured_media":0,"parent":0,"menu_order":0,"comment_status":"closed","ping_status":"closed","template":"","meta":{"_acf_changed":false,"footnotes":""},"class_list":["post-512","page","type-page","status-publish","hentry"],"acf":[],"_links":{"self":[{"href":"https:\/\/staging.kulturservices.com\/cms\/wp-json\/wp\/v2\/pages\/512","targetHints":{"allow":["GET"]}}],"collection":[{"href":"https:\/\/staging.kulturservices.com\/cms\/wp-json\/wp\/v2\/pages"}],"about":[{"href":"https:\/\/staging.kulturservices.com\/cms\/wp-json\/wp\/v2\/types\/page"}],"author":[{"embeddable":true,"href":"https:\/\/staging.kulturservices.com\/cms\/wp-json\/wp\/v2\/users\/1"}],"replies":[{"embeddable":true,"href":"https:\/\/staging.kulturservices.com\/cms\/wp-json\/wp\/v2\/comments?post=512"}],"version-history":[{"count":11,"href":"https:\/\/staging.kulturservices.com\/cms\/wp-json\/wp\/v2\/pages\/512\/revisions"}],"predecessor-version":[{"id":141607,"href":"https:\/\/staging.kulturservices.com\/cms\/wp-json\/wp\/v2\/pages\/512\/revisions\/141607"}],"wp:attachment":[{"href":"https:\/\/staging.kulturservices.com\/cms\/wp-json\/wp\/v2\/media?parent=512"}],"curies":[{"name":"wp","href":"https:\/\/api.w.org\/{rel}","templated":true}]}}