{"id":189,"date":"2024-03-13T11:58:04","date_gmt":"2024-03-13T10:58:04","guid":{"rendered":"https:\/\/k360.michael-ruhdorfer.at\/cms\/?page_id=189"},"modified":"2024-09-03T14:44:01","modified_gmt":"2024-09-03T12:44:01","slug":"agb","status":"publish","type":"page","link":"https:\/\/staging.kulturservices.com\/cms\/agb\/","title":{"rendered":"AGB"},"content":{"rendered":"<p class=\"p2\">MMZ kulturservices Allgemeine Gesch\u00e4ftsbedingungen 09\/2024<\/p>\n<p class=\"p3\"><b>Allgemeine Gesch\u00e4ftsbedingungen (AGB) f\u00fcr die Nutzung der Plattform MMZ kulturservices <\/b><\/p>\n<p class=\"p4\"><b>1. Geltungsbereich der AGB und Vertragsgegenstand <\/b><\/p>\n<p class=\"p2\">Der Verein MMZ kulturmarketing (nachfolgend MMZ genannt) bietet Nutzerinnen und Nutzern der Website www.kulturservices.com auf Grundlage der nachfolgenden Allgemeinen Gesch\u00e4ftsbedingungen (AGB) ein fortlaufend gewartetes User-Portal, in dem datenbankgest\u00fctzte Online-Services angeboten werden. F\u00fcr jegliche Leistungen gelten ausschlie\u00dflich diese AGB in ihrer zum Zeitpunkt der Leistungserbringung g\u00fcltigen Fassung.<\/p>\n<p class=\"p2\">Die Nutzung von User-Accounts auf www.kulturservices.com oder einem anderen von MMZ gehosteten Service kann ausschlie\u00dflich aufgrund dieser AGB erfolgen. Mit der Nutzung dieser Website inklusive aller dazugeh\u00f6rigen Bereiche erkl\u00e4rt die Nutzerin\/der Nutzer seine Kenntnis und sein Einverst\u00e4ndnis mit diesen Allgemeinen Gesch\u00e4ftsbedingungen.<\/p>\n<p class=\"p2\">MMZ stellt lediglich die elektronische Plattform f\u00fcr eine Vertragsanbahnung zwischen den Mitgliedern zur Verf\u00fcgung. Weitere Hilfe beim Zustandekommen und bei der Durchf\u00fchrung des Vertrages leistet MMZ nicht. MMZ tritt nicht als Makler auf.<\/p>\n<p class=\"p2\">Alle Leistungsangebote von MMZ sind freibleibend und unverbindlich. MMZ bleibt das Recht vorbehalten, ihr Angebot an Leistungen zu erweitern, zu \u00e4ndern und Verbesserungen vorzunehmen. In diesem Fall erwachsen aus solchen \u00c4nderungen des Angebots f\u00fcr neue Mitglieder den bereits registrierten Mitgliedern keine Anspr\u00fcche gegen MMZ. Als freiwillig und\/oder unentgeltlich bezeichnete Dienste und Leistungen von MMZ, die nicht Teil der Leistungsbeschreibung sind, begr\u00fcnden keine Verpflichtungen von MMZ und k\u00f6nnen jederzeit, auch nach Abschluss eines Nutzungsvertrages zwischen MMZ und einem registrierten Mitglied, ohne R\u00fccksprache ge\u00e4ndert oder eingestellt werden.<\/p>\n<p class=\"p4\"><b>2. Vertragslaufzeit \/ Vertragsverl\u00e4ngerung \/ Vertragsk\u00fcndigung <\/b><\/p>\n<p class=\"p2\">Ein Eintrag auf MMZ hat eine Mindestlaufzeit von einem Jahr, beginnend mit dem Datum der Registrierung des Eintrages. Kurz vor Ablauf eines Jahres bzw. binnen einer \u00dcbergangsfrist nach Ablauf eines Jahres hat das Mitglied die M\u00f6glichkeit, den Vertrag durch erneute Einzahlung auf ein Bankkonto von MMZ oder einem der angef\u00fchrten Online-Bezahldienste zu verl\u00e4ngern. Erfolgt keine Einzahlung durch das Mitglied, endet die Mitgliedschaft automatisch und der Account wird gel\u00f6scht. Die rechtzeitige Speicherung und Sicherung der Daten liegen in der Verantwortung des Mitglieds.<\/p>\n<p class=\"p4\"><b>3. Nutzungsbedingungen <\/b><\/p>\n<p class=\"p2\">Die registrierten Mitglieder erkl\u00e4ren sich ausdr\u00fccklich mit folgenden Punkten einverstanden:<\/p>\n<ul class=\"ul1\">\n<li class=\"li5\">Keine Inhalte zu \u00fcbertragen, deren Wiedergabe eine Verletzung der Urheberrechte oder sonstiger Rechte Dritter darstellt (siehe auch Punkt 6. \u201eUrheberrecht\u201c).<\/li>\n<li class=\"li2\">Die durch Nutzung der MMZ Online-Plattform erhaltenen Daten und Mailadressen anderer Mitglieder nicht f\u00fcr kommerzielle Werbung zu nutzen oder unerw\u00fcnschte Werbung zuzusenden.<\/li>\n<\/ul>\n<p class=\"p2\">MMZ kulturservices Allgemeine Gesch\u00e4ftsbedingungen 09\/2024<\/p>\n<ul class=\"ul1\">\n<li class=\"li5\">Keine Inhalte auf MMZ zu \u00fcbertragen, die Software, Anwendungen, Programme oder Viren enthalten, bzw. sonstige Daten, die die Funktion der Hard- und Software der MMZ Online-Plattform oder von anderen Mitgliedern beeintr\u00e4chtigen oder besch\u00e4digen.<\/li>\n<li class=\"li5\">Andere Mitglieder, Dritte oder MMZ nicht zu beleidigen, verleumden oder in irgendeiner Weise zu bel\u00e4stigen oder sch\u00e4digen.<\/li>\n<li class=\"li5\">Die MMZ Online-Plattform nicht f\u00fcr pornographische, kindergef\u00e4hrdende, nationalsozialistische, gewaltverherrlichende, rassistische oder \u00e4hnliche Inhalte zu nutzen und auch keine Links auf Webseiten zu setzen, die derartige Inhalte enthalten.<\/li>\n<li class=\"li2\">Bei der Registrierung keine falschen oder missverst\u00e4ndlichen Angaben zu machen, sich nicht unter Vorgabe einer falschen Identit\u00e4t anzumelden und die Angaben auf dem aktuellen Stand zu halten.<\/li>\n<\/ul>\n<p class=\"p4\"><b>4. Allgemeine Pflichten des Mitglieds (alle User- &amp; Account-Typen) <\/b><\/p>\n<p class=\"p2\">F\u00fcr s\u00e4mtliche Inhalte, die das Mitglied auf MMZ abrufbar h\u00e4lt oder speichert ist alleine das Mitglied verantwortlich. Das Mitglied ist im Rahmen seiner Verpflichtungen zur Einhaltung der gesetzlichen und vertraglichen Regelungen auch f\u00fcr das Verhalten Dritter, die in seinem Auftrag t\u00e4tig werden, insbesondere von Erf\u00fcllungs- und Verrichtungsgehilfen verantwortlich. Dies gilt auch f\u00fcr sonstige Dritte, denen das Mitglied wissentlich Zugangsdaten zu den Diensten und Leistungen von MMZ zur Verf\u00fcgung stellt. MMZ ist nicht verpflichtet, Inhalte auf eventuelle Verst\u00f6\u00dfe zu pr\u00fcfen.<\/p>\n<p class=\"p2\">Das f\u00fcr die Anmeldung selbst gew\u00e4hlte Passwort wird vom Mitglied vertraulich behandelt. F\u00fcr alle Aktivit\u00e4ten unter Verwendung des Passwortes ist das Mitglied verantwortlich und verpflichtet sich, MMZ von einer unbefugten Nutzung der Onlineplattform aufgrund einer missbr\u00e4uchlichen Verwendung des Passwortes umgehend zu verst\u00e4ndigen.<\/p>\n<p class=\"p2\">Der Versand von E-Mails \u00fcber Systeme bzw. Server von MMZ sowie der Versand \u00fcber Domains, die \u00fcber MMZ registriert sind, ist unzul\u00e4ssig, soweit es sich um einen massenhaften Versand von E-Mails an Empf\u00e4nger ohne deren Einwilligung handelt und\/oder es sich um Werbe-E-Mails handelt und eine Einwilligung des Empf\u00e4ngers nicht vorliegt, obwohl diese erforderlich ist.<\/p>\n<p class=\"p4\"><b>5. Datenschutz <\/b><\/p>\n<p class=\"p2\">MMZ behandelt s\u00e4mtliche Daten, die das Mitglied im Rahmen seiner Nutzung von www.kulturservices.com macht, vertraulich und versichert, diese Daten nicht zu verkaufen bzw. in irgendeiner Form au\u00dferhalb der Kulturservice-Dienste von MMZ sowie Partnerseiten zur Verbreitung von Kunst und Kultur zu ver\u00f6ffentlichen.<\/p>\n<p class=\"p2\">Die auf www.kulturservices.com zur Ver\u00f6ffentlichung eingegebenen Daten werden ganz oder teilweise automatisch auf Sub-Portalen von MMZ (zb www.mmz.at, Facebook, etc) ver\u00f6ffentlicht. Das Mitglied stimmt der Ver\u00f6ffentlichung dieser Daten durch deren Eingabe zu.<\/p>\n<p class=\"p2\">MMZ verwendet die Daten und insbesondere die Email-Adressen der Mitglieder ausschlie\u00dflich zum Versand von internen Nachrichten und wichtigen Mitteilungen an seine Mitglieder. Will das Mitglied derartige Nachrichten nicht mehr erhalten, muss es seinen Eintrag auf www.kulturservices.com l\u00f6schen. MMZ kulturservices Allgemeine Gesch\u00e4ftsbedingungen 09\/2024<\/p>\n<p class=\"p4\"><b>6. Urheberrecht <\/b><\/p>\n<p class=\"p2\">Es ist nicht gestattet die von MMZ oder anderen Nutzern von MMZ bereitgestellten Inhalte der Website (insbesondere Programme, Grafiken, Texte, Musik, Videos) aus dem Kontext zu entnehmen und in einen anderen Kontext zu bringen oder anderweitig f\u00fcr kommerziellen Zwecke zu verwenden. Ausgenommen sind jene Inhalte, f\u00fcr die der Bereitsteller das uneingeschr\u00e4nkte, aber nicht ausschlie\u00dfliche Nutzungsrecht ausdr\u00fccklich einr\u00e4umt (z.B. Pressematerial) zu den von der Einr\u00e4umung umfassten Zwecken.<\/p>\n<p class=\"p2\">Logos, Fotos, grafische Darstellungen und Wortsch\u00f6pfungen jeder Art sowie Musik und Videos sowohl von MMZ als auch von Dritten bleiben Eigentum der jeweiligen Rechteinhaber. Jede ungenehmigte Nutzung erfolgt unrechtm\u00e4\u00dfig.<\/p>\n<p class=\"p2\">F\u00fcr jene Inhalte, die das Mitglied unter dem Titel \u201ePressematerial\u201c bereitstellt, erteilt das Mitglied kostenfrei das uneingeschr\u00e4nkte, aber nicht ausschlie\u00dfliche Nutzungsrecht f\u00fcr Medien jeder Art und Personen, die \u00fcber das Mitglied oder seine T\u00e4tigkeit berichten (insbesondere redaktionelle Beitr\u00e4ge, Ank\u00fcndigungen, Rezensionen, \u00d6ffentlichkeitsarbeit).<\/p>\n<p class=\"p2\">Die Mitglieder verpflichten sich zu \u00fcberpr\u00fcfen, ob sie f\u00fcr jene Inhalte, die sie auf der Website verbreiten, auch die daf\u00fcr erforderlichen Rechte, insbesondere bei unter dem Titel \u201ePressematerial\u201c bereitgestellten Daten zur Bereitstellung zum freien Download und Gestattung unbeschr\u00e4nkter zweckgem\u00e4\u00dfen Nutzung durch jeden Dritten, besitzen und garantieren daf\u00fcr. F\u00fcr Verletzungen von Schutzrechten Dritter an Inhalten, die das Mitglied bereitstellt, haftet alleine das Mitglied selbst, MMZ treffen keine Kontrollpflichten. Gegen jegliche Anspr\u00fcche Dritter wegen jedweder Verletzung von deren Rechten durch die Bereitstellung der Daten durch das Mitglied h\u00e4lt das Mitglied MMZ wie auch jeden Dritten, dem eine zweckgem\u00e4\u00dfe Nutzung von Inhalten bereitgestellt wurde vollkommen schad- und klaglos.<\/p>\n<p class=\"p4\"><b>7. Entgeltzahlung <\/b><\/p>\n<p class=\"p2\">Der Eintrag unter www.kulturservices.com ist kostenpflichtig. Die H\u00f6he der Geb\u00fchr richtet sich nach dem aktuellen Preis in der Leistungsbeschreibung.<\/p>\n<p class=\"p2\">Die Geb\u00fchr kann bei grenz\u00fcberschreitenden \u00dcberweisungen nur in Euro durch EU-Standard\u00fcberweisung bzw. SEPA-\u00dcberweisung auf das Bankkonto von MMZ beglichen werden. F\u00fcr die anfallenden Spesen gilt Kostenteilung als vereinbart.<\/p>\n<p class=\"p2\">Die Rechnungsstellung erfolgt ausschlie\u00dflich online. Das Mitglied erkl\u00e4rt sich ausdr\u00fccklich einverstanden, dass ihm keine Rechnungen per Post\/Fax etc. zugesendet werden. Alle bezahlten Rechnungen sind immer in der \u201eAccount-\u00dcbersicht\u201c abrufbar. Verlangt der Kunde eine Rechnungsstellung auf dem Postweg, ist MMZ berechtigt, hierf\u00fcr pro Rechnung den jeweiligen tarifm\u00e4\u00dfigen Pauschalbetrag als Kostenersatz zu berechnen.<\/p>\n<p class=\"p4\"><b>8. Wartung <\/b><\/p>\n<p class=\"p2\">Um das Angebot st\u00e4ndig weiterentwickeln zu k\u00f6nnen und zur Durchf\u00fchrung von Updates, beh\u00e4lt sich MMZ vor, die Website kurzfristig au\u00dfer Betrieb zu nehmen. Dar\u00fcber hinaus kann es zu au\u00dferplanm\u00e4\u00dfigen Wartungsarbeiten kommen, die aber \u2013 soweit m\u00f6glich \u2013 rechtzeitig auf der www.kulturservices.com Website angek\u00fcndigt werden. Aufgrund der genannten Wartungs- und Weiterentwicklungsarbeiten k\u00f6nnen Nutzungsm\u00f6glichkeiten vor\u00fcbergehend eingeschr\u00e4nkt oder MMZ kulturservices Allgemeine Gesch\u00e4ftsbedingungen 09\/2024<\/p>\n<p class=\"p2\">unterbrochen werden. Solche Unterbrechungen der Erreichbarkeit begr\u00fcnden keine Anspr\u00fcche gegen\u00fcber MMZ.<\/p>\n<p class=\"p4\"><b>9. Haftungsbeschr\u00e4nkung <\/b><\/p>\n<p class=\"p2\">MMZ haftet nur f\u00fcr Sch\u00e4den, bei Konsumenten mit Ausnahme von Sch\u00e4den an der Person, die dem Mitglied durch vors\u00e4tzliches oder grob fahrl\u00e4ssiges Handeln von MMZ oder eines Erf\u00fcllungsgehilfen zugef\u00fcgt werden.<\/p>\n<p class=\"p2\">Abgesehen von jenen F\u00e4llen, in denen von gesetzeswegen das Recht auf Wandlung zusteht oder Konsumentenschutzbestimmungen dies ausschlie\u00dfen, behalten wir uns vor, den Gew\u00e4hrleistunsanspruch nach unserer Wahl durch Verbesserung, Austausch oder Preisminderung zuerf\u00fcllen.<\/p>\n<p class=\"p2\">Zus\u00e4tzlich zu den beiden vorgenannten Punkten gilt folgende Regelung, falls es sich beim Vertragspartner um einen Unternehmer handelt: Schadenersatzanspr\u00fcche sind auch in F\u00e4llen leichter Fahrl\u00e4ssigkeit ausgeschlossen; dies gilt nicht f\u00fcr Personensch\u00e4den. Ersatzanspr\u00fcche verj\u00e4hren in 6 (sechs) Monaten ab Kenntnis von Schaden und Sch\u00e4diger. Es gilt die unternehmerische R\u00fcgepflicht.<\/p>\n<p class=\"p4\"><b>10. Anwendbares Recht \/ Gerichtsstand \/ Sonstiges <\/b><\/p>\n<p class=\"p2\">Es ist ausschlie\u00dflich \u00f6sterreichisches materielles Recht anwendbar. Gerichtsstand ist Wien. Explizit ausgeschlossen wird die Anwendbarkeit des UN-Kaufrechts. Sofern bei Konsumenten, deren Gerichtsstand im Sinne des \u00a714 KSchG nicht Wien ist, gilt der Wohnsitz des Konsumenten zum Zeitpunkt des Vertagsabschlusses als im Sinne des \u00a714 des KSchG als vereinbarter Gerichtsstand.<\/p>\n","protected":false},"excerpt":{"rendered":"<p>MMZ kulturservices Allgemeine Gesch\u00e4ftsbedingungen 09\/2024 Allgemeine Gesch\u00e4ftsbedingungen (AGB) f\u00fcr die Nutzung der Plattform MMZ kulturservices 1. Geltungsbereich der AGB und [&hellip;]<\/p>\n","protected":false},"author":1,"featured_media":0,"parent":0,"menu_order":0,"comment_status":"closed","ping_status":"closed","template":"","meta":{"_acf_changed":false,"footnotes":""},"class_list":["post-189","page","type-page","status-publish","hentry"],"acf":[],"_links":{"self":[{"href":"https:\/\/staging.kulturservices.com\/cms\/wp-json\/wp\/v2\/pages\/189","targetHints":{"allow":["GET"]}}],"collection":[{"href":"https:\/\/staging.kulturservices.com\/cms\/wp-json\/wp\/v2\/pages"}],"about":[{"href":"https:\/\/staging.kulturservices.com\/cms\/wp-json\/wp\/v2\/types\/page"}],"author":[{"embeddable":true,"href":"https:\/\/staging.kulturservices.com\/cms\/wp-json\/wp\/v2\/users\/1"}],"replies":[{"embeddable":true,"href":"https:\/\/staging.kulturservices.com\/cms\/wp-json\/wp\/v2\/comments?post=189"}],"version-history":[{"count":4,"href":"https:\/\/staging.kulturservices.com\/cms\/wp-json\/wp\/v2\/pages\/189\/revisions"}],"predecessor-version":[{"id":141415,"href":"https:\/\/staging.kulturservices.com\/cms\/wp-json\/wp\/v2\/pages\/189\/revisions\/141415"}],"wp:attachment":[{"href":"https:\/\/staging.kulturservices.com\/cms\/wp-json\/wp\/v2\/media?parent=189"}],"curies":[{"name":"wp","href":"https:\/\/api.w.org\/{rel}","templated":true}]}}